{"id":511,"date":"2021-11-11T16:28:21","date_gmt":"2021-11-11T21:28:21","guid":{"rendered":"https:\/\/myprintedbook.com\/test-1\/"},"modified":"2021-11-12T14:16:47","modified_gmt":"2021-11-12T19:16:47","slug":"test-1","status":"publish","type":"page","link":"https:\/\/myprintedbook.com\/en\/test-1\/","title":{"rendered":"TEST 1"},"content":{"rendered":"<p>[et_pb_section fb_built=&#8221;1&#8243; custom_padding_last_edited=&#8221;on|phone&#8221; admin_label=&#8221;Header&#8221; _builder_version=&#8221;4.10.8&#8243; use_background_color_gradient=&#8221;on&#8221; background_color_gradient_start=&#8221;rgba(31,31,38,0.32)&#8221; background_color_gradient_end=&#8221;#1f1f26&#8243; background_color_gradient_overlays_image=&#8221;on&#8221; background_image=&#8221;http:\/\/myprintedbook.com\/wp-content\/uploads\/2021\/09\/back-1-2.jpg&#8221; custom_padding=&#8221;0px||0px||false|false&#8221; custom_padding_tablet=&#8221;80px||80px||false|false&#8221; custom_padding_phone=&#8221;50px||50px||false|false&#8221; global_colors_info=&#8221;{}&#8221;][et_pb_row _builder_version=&#8221;4.4.4&#8243; global_colors_info=&#8221;{}&#8221;][et_pb_column type=&#8221;4_4&#8243; _builder_version=&#8221;4.4.4&#8243; global_colors_info=&#8221;{}&#8221;][et_pb_text _builder_version=&#8221;4.10.8&#8243; header_font=&#8221;Alegreya Sans||||||||&#8221; header_text_align=&#8221;center&#8221; header_font_size=&#8221;50px&#8221; header_line_height=&#8221;1.2em&#8221; background_layout=&#8221;dark&#8221; header_font_size_tablet=&#8221;60px&#8221; header_font_size_phone=&#8221;35px&#8221; header_font_size_last_edited=&#8221;on|phone&#8221; global_colors_info=&#8221;{}&#8221;]<\/p>\n<h1>Editorial services management platform<\/h1>\n<p>[\/et_pb_text][\/et_pb_column][\/et_pb_row][et_pb_row _builder_version=&#8221;4.10.8&#8243; _module_preset=&#8221;default&#8221; global_colors_info=&#8221;{}&#8221;][et_pb_column type=&#8221;4_4&#8243; _builder_version=&#8221;4.10.8&#8243; _module_preset=&#8221;default&#8221; global_colors_info=&#8221;{}&#8221;][et_pb_image src=&#8221;http:\/\/myprintedbook.com\/wp-content\/uploads\/2021\/10\/Banner-home.jpg&#8221; title_text=&#8221;POD&#8221; _builder_version=&#8221;4.10.8&#8243; _module_preset=&#8221;default&#8221; global_colors_info=&#8221;{}&#8221;][\/et_pb_image][\/et_pb_column][\/et_pb_row][et_pb_row column_structure=&#8221;1_3,2_3&#8243; make_equal=&#8221;on&#8221; _builder_version=&#8221;4.12.1&#8243; width=&#8221;100%&#8221; max_width=&#8221;100%&#8221; min_height=&#8221;801.9px&#8221; custom_padding=&#8221;0px||0px|||&#8221; global_colors_info=&#8221;{}&#8221;][et_pb_column type=&#8221;1_3&#8243; _builder_version=&#8221;4.12.1&#8243; background_color=&#8221;#E09900&#8243; z_index=&#8221;10&#8243; global_colors_info=&#8221;{}&#8221;][et_pb_image src=&#8221;http:\/\/myprintedbook.com\/wp-content\/uploads\/2021\/09\/back-3.jpg&#8221; title_text=&#8221;back-3&#8243; _builder_version=&#8221;4.9.10&#8243; positioning=&#8221;absolute&#8221; position_origin_a=&#8221;bottom_right&#8221; vertical_offset=&#8221;168px&#8221; horizontal_offset=&#8221;6px&#8221; position_origin_a_tablet=&#8221;&#8221; position_origin_a_phone=&#8221;&#8221; position_origin_a_last_edited=&#8221;on|tablet&#8221; position_origin_f_tablet=&#8221;&#8221; position_origin_f_phone=&#8221;&#8221; position_origin_f_last_edited=&#8221;on|tablet&#8221; position_origin_r_tablet=&#8221;&#8221; position_origin_r_phone=&#8221;&#8221; position_origin_r_last_edited=&#8221;on|tablet&#8221; width=&#8221;131.4%&#8221; min_height=&#8221;593.9px&#8221; custom_margin=&#8221;60px|-70%|-60px||false|false&#8221; custom_margin_tablet=&#8221;0px|0%|0px||false|false&#8221; custom_margin_phone=&#8221;&#8221; custom_margin_last_edited=&#8221;on|phone&#8221; positioning_tablet=&#8221;none&#8221; positioning_phone=&#8221;&#8221; positioning_last_edited=&#8221;on|desktop&#8221; global_colors_info=&#8221;{}&#8221;][\/et_pb_image][\/et_pb_column][et_pb_column type=&#8221;2_3&#8243; _builder_version=&#8221;4.9.10&#8243; background_color=&#8221;#E09900&#8243; custom_padding=&#8221;12%|40px|12%|20%|true|false&#8221; custom_padding_tablet=&#8221;30px|30px|30px|30px|true|true&#8221; custom_padding_phone=&#8221;20px|20px|20px|20px|true|true&#8221; custom_padding_last_edited=&#8221;on|phone&#8221; global_colors_info=&#8221;{}&#8221;][et_pb_text _builder_version=&#8221;4.10.8&#8243; text_font=&#8221;Alegreya Sans||||||||&#8221; header_font=&#8221;Alegreya Sans||||||||&#8221; header_2_font=&#8221;Prata||||||||&#8221; header_2_line_height=&#8221;1.6em&#8221; header_4_font=&#8221;|700||on|||||&#8221; header_4_font_size=&#8221;12px&#8221; header_4_letter_spacing=&#8221;2.6px&#8221; header_4_line_height=&#8221;1.6em&#8221; background_layout=&#8221;dark&#8221; header_2_font_size_tablet=&#8221;22px&#8221; header_2_font_size_phone=&#8221;20px&#8221; header_2_font_size_last_edited=&#8221;on|phone&#8221; locked=&#8221;off&#8221; global_colors_info=&#8221;{}&#8221;]<\/p>\n<h3>SERVICES<\/h3>\n<h3>International Print On Demand (P.O.D.)<\/h3>\n<h3>International distribution on demand (D.O.D)<\/h3>\n<h3>Landing web Internacional (USA, Latinoam\u00e9rica y Europa)<\/h3>\n<p>[\/et_pb_text][et_pb_button button_url=&#8221;@ET-DC@eyJkeW5hbWljIjp0cnVlLCJjb250ZW50IjoicG9zdF9saW5rX3VybF9wYWdlIiwic2V0dGluZ3MiOnsicG9zdF9pZCI6IjQ4In19@&#8221; button_text=&#8221;Know more&#8230;&#8221; _builder_version=&#8221;4.10.8&#8243; _dynamic_attributes=&#8221;button_url&#8221; custom_button=&#8221;on&#8221; button_text_size=&#8221;12px&#8221; button_bg_color=&#8221;rgba(0,0,0,0)&#8221; button_border_width=&#8221;2px&#8221; button_border_color=&#8221;#ffffff&#8221; button_border_radius=&#8221;0px&#8221; button_letter_spacing=&#8221;2px&#8221; button_font=&#8221;|700||on|||||&#8221; background_layout=&#8221;dark&#8221; custom_margin_tablet=&#8221;&#8221; custom_margin_phone=&#8221;&#8221; custom_margin_last_edited=&#8221;on|phone&#8221; custom_padding=&#8221;20px|40px|20px|40px|true|true&#8221; button_bg_color_last_edited=&#8221;off|desktop&#8221; ab_goal=&#8221;on&#8221; locked=&#8221;off&#8221; global_colors_info=&#8221;{}&#8221; button_bg_color__hover_enabled=&#8221;on|hover&#8221; button_bg_color__hover=&#8221;#ffffff&#8221; button_bg_enable_color__hover=&#8221;on&#8221; button_text_color__hover_enabled=&#8221;on|hover&#8221; button_text_color__hover=&#8221;#000000&#8243;][\/et_pb_button][\/et_pb_column][\/et_pb_row][\/et_pb_section][et_pb_section fb_built=&#8221;1&#8243; custom_padding_last_edited=&#8221;on|phone&#8221; admin_label=&#8221;About&#8221; _builder_version=&#8221;4.12.1&#8243; background_color=&#8221;#E09900&#8243; background_image=&#8221;http:\/\/myprintedbook.com\/wp-content\/uploads\/2021\/09\/mli2-1.jpg&#8221; parallax=&#8221;on&#8221; custom_padding=&#8221;39px||30px||false|&#8221; custom_padding_tablet=&#8221;50px||||false|false&#8221; custom_padding_phone=&#8221;&#8221; animation_style=&#8221;fade&#8221; global_colors_info=&#8221;{}&#8221;][et_pb_row _builder_version=&#8221;4.4.4&#8243; custom_margin=&#8221;|82px||1256px||&#8221; custom_padding=&#8221;|386px||0px||&#8221; global_colors_info=&#8221;{}&#8221;][et_pb_column type=&#8221;4_4&#8243; _builder_version=&#8221;4.4.4&#8243; global_colors_info=&#8221;{}&#8221;][et_pb_text _builder_version=&#8221;4.10.8&#8243; header_font_size=&#8221;22px&#8221; header_2_font=&#8221;Prata||||||||&#8221; header_2_font_size=&#8221;35px&#8221; header_2_line_height=&#8221;1.8em&#8221; header_4_font=&#8221;|700||on|||||&#8221; header_4_text_color=&#8221;#bea88f&#8221; header_4_font_size=&#8221;12px&#8221; header_4_letter_spacing=&#8221;2.6px&#8221; header_4_line_height=&#8221;1.6em&#8221; text_orientation=&#8221;center&#8221; module_alignment=&#8221;center&#8221; header_2_font_size_tablet=&#8221;34px&#8221; header_2_font_size_phone=&#8221;28px&#8221; header_2_font_size_last_edited=&#8221;on|phone&#8221; locked=&#8221;off&#8221; global_colors_info=&#8221;{}&#8221;]<\/p>\n<h2 style=\"text-align: center\">Who are we, what do we do?<\/h2>\n<p>[\/et_pb_text][et_pb_text _builder_version=&#8221;4.10.8&#8243; text_font_size=&#8221;18px&#8221; text_line_height=&#8221;2em&#8221; text_orientation=&#8221;center&#8221; max_width=&#8221;901px&#8221; module_alignment=&#8221;center&#8221; custom_margin=&#8221;|210px||||&#8221; locked=&#8221;off&#8221; global_colors_info=&#8221;{}&#8221;]<\/p>\n<p>We are an American Printing on Demand (POD) and Book Distribution company, we have a printing press, 2 warehouses in Miami, FL and a powerful Editorial Content Management Platform that offers management, production and marketing services in the USA. , Latin America and Europe.<\/p>\n<p><strong>Milibroimpreso EEUU<\/strong> se ha integrado a la plataforma global de gesti\u00f3n de contenidos de Quares, una compa\u00f1\u00eda de base tecnol\u00f3gica que desarrolla servicios dirigidos a la industria editorial, mediante un modelo integrador de todos los miembros de la cadena de valor del libro.<\/p>\n<p><strong>Milibroimpreso y Quares<\/strong> est\u00e1n integrando, mediante su sistema de gesti\u00f3n online, a editores, imprentas digitales especializadas en la producci\u00f3n de libros y distribuidores tradicionales del libro. Dise\u00f1ando soluciones globales para la gesti\u00f3n de la producci\u00f3n de libros f\u00edsicos a demanda, la distribuci\u00f3n f\u00edsica a demanda, as\u00ed como soluciones espec\u00edficas de e-commerce editorial que permita a nuestros clientes generar negocios B2C.<\/p>\n<p>En <strong>Milibroimpreso y Quares<\/strong> entendemos la globalidad tanto en su vertiente de soluciones como en la de territorios y por eso estamos integrando en nuestra red a partners de diferentes pa\u00edses. La herramienta de gesti\u00f3n que conecta a editores y partners de prestaci\u00f3n de servicios, facilita que nuestros clientes puedan gestionar online sus \u00f3rdenes de producci\u00f3n y hagan todo tipo de negocios comerciales en cualquier pa\u00eds conectado a la plataforma de gesti\u00f3n de contenidos de Quares.<\/p>\n<p>[\/et_pb_text][\/et_pb_column][\/et_pb_row][\/et_pb_section][et_pb_section fb_built=&#8221;1&#8243; custom_padding_last_edited=&#8221;off|desktop&#8221; admin_label=&#8221;Gallery&#8221; _builder_version=&#8221;4.10.8&#8243; use_background_color_gradient=&#8221;on&#8221; background_color_gradient_start=&#8221;rgba(39,86,142,0.73)&#8221; background_color_gradient_end=&#8221;rgba(31,31,38,0.3)&#8221; background_color_gradient_end_position=&#8221;25%&#8221; background_color_gradient_overlays_image=&#8221;on&#8221; background_image=&#8221;http:\/\/myprintedbook.com\/wp-content\/uploads\/2021\/09\/mli4.jpg&#8221; custom_margin=&#8221;||||false|false&#8221; custom_margin_tablet=&#8221;0px||||false|false&#8221; custom_margin_last_edited=&#8221;off|desktop&#8221; custom_padding=&#8221;8vw|10vw|0px|10vw|false|true&#8221; custom_padding_tablet=&#8221;||50px||false|false&#8221; locked=&#8221;off&#8221; global_colors_info=&#8221;{}&#8221;][et_pb_row _builder_version=&#8221;4.4.4&#8243; width=&#8221;100%&#8221; max_width=&#8221;none&#8221; custom_padding=&#8221;||0px|||&#8221; global_colors_info=&#8221;{}&#8221;][et_pb_column type=&#8221;4_4&#8243; _builder_version=&#8221;4.4.4&#8243; global_colors_info=&#8221;{}&#8221;][et_pb_image src=&#8221;http:\/\/myprintedbook.com\/wp-content\/uploads\/2021\/09\/book-2.jpg&#8221; title_text=&#8221;book-2&#8243; _builder_version=&#8221;4.10.8&#8243; positioning=&#8221;absolute&#8221; horizontal_offset=&#8221;4%&#8221; width=&#8221;100%&#8221; max_width=&#8221;14%&#8221; max_width_tablet=&#8221;120px&#8221; max_width_last_edited=&#8221;off|desktop&#8221; custom_margin=&#8221;||0px||false|false&#8221; locked=&#8221;off&#8221; global_colors_info=&#8221;{}&#8221;][\/et_pb_image][et_pb_divider show_divider=&#8221;off&#8221; _builder_version=&#8221;4.4.4&#8243; positioning=&#8221;absolute&#8221; position_origin_a=&#8221;top_right&#8221; vertical_offset=&#8221;5%&#8221; horizontal_offset=&#8221;4%&#8221; z_index=&#8221;1&#8243; width=&#8221;12%&#8221; height=&#8221;12vw&#8221; custom_margin=&#8221;|1px||||&#8221; border_width_all=&#8221;2px&#8221; border_color_all=&#8221;#bea88f&#8221; border_style_all=&#8221;dashed&#8221; locked=&#8221;off&#8221; global_colors_info=&#8221;{}&#8221;][\/et_pb_divider][et_pb_image src=&#8221;http:\/\/myprintedbook.com\/wp-content\/uploads\/2021\/09\/colores.png&#8221; title_text=&#8221;colores&#8221; _builder_version=&#8221;4.10.8&#8243; positioning=&#8221;absolute&#8221; position_origin_a=&#8221;top_right&#8221; horizontal_offset=&#8221;6%&#8221; z_index=&#8221;1&#8243; width=&#8221;12%&#8221; max_width_tablet=&#8221;120px&#8221; max_width_last_edited=&#8221;off|desktop&#8221; custom_margin=&#8221;||0px||false|false&#8221; locked=&#8221;off&#8221; global_colors_info=&#8221;{}&#8221;][\/et_pb_image][et_pb_divider show_divider=&#8221;off&#8221; _builder_version=&#8221;4.4.4&#8243; positioning=&#8221;absolute&#8221; vertical_offset=&#8221;12%&#8221; horizontal_offset=&#8221;25%&#8221; z_index=&#8221;1&#8243; width=&#8221;10%&#8221; height=&#8221;10vw&#8221; custom_margin=&#8221;|1px||||&#8221; scroll_vertical_motion=&#8221;0|70|70|100|1|0|-1&#8243; border_width_all=&#8221;2px&#8221; border_color_all=&#8221;#ffffff&#8221; locked=&#8221;off&#8221; global_colors_info=&#8221;{}&#8221;][\/et_pb_divider][et_pb_image src=&#8221;http:\/\/myprintedbook.com\/wp-content\/uploads\/2021\/09\/MLI-IMG-01.jpg&#8221; title_text=&#8221;MLI-IMG-01&#8243; align=&#8221;center&#8221; _builder_version=&#8221;4.10.8&#8243; width=&#8221;45%&#8221; custom_margin=&#8221;8vw||8vw||true|false&#8221; scroll_vertical_motion_enable=&#8221;on&#8221; scroll_vertical_motion=&#8221;0|50|50|100|1|0|-1&#8243; global_colors_info=&#8221;{}&#8221;][\/et_pb_image][et_pb_image src=&#8221;http:\/\/myprintedbook.com\/wp-content\/uploads\/2021\/09\/back-2.jpg&#8221; title_text=&#8221;back-2&#8243; _builder_version=&#8221;4.10.8&#8243; positioning=&#8221;absolute&#8221; position_origin_a=&#8221;bottom_left&#8221; vertical_offset=&#8221;16%&#8221; horizontal_offset=&#8221;25px&#8221; width=&#8221;22%&#8221; custom_margin=&#8221;||0px||false|false&#8221; locked=&#8221;off&#8221; global_colors_info=&#8221;{}&#8221;][\/et_pb_image][et_pb_image src=&#8221;http:\/\/myprintedbook.com\/wp-content\/uploads\/2021\/09\/lupa.png&#8221; title_text=&#8221;lupa&#8221; align=&#8221;right&#8221; _builder_version=&#8221;4.10.8&#8243; positioning=&#8221;absolute&#8221; position_origin_a=&#8221;bottom_right&#8221; vertical_offset=&#8221;12%&#8221; horizontal_offset=&#8221;-36px&#8221; width=&#8221;22%&#8221; max_width_tablet=&#8221;120px&#8221; max_width_phone=&#8221;200px&#8221; max_width_last_edited=&#8221;off|desktop&#8221; custom_margin=&#8221;||0px||false|false&#8221; locked=&#8221;off&#8221; global_colors_info=&#8221;{}&#8221;][\/et_pb_image][\/et_pb_column][\/et_pb_row][\/et_pb_section][et_pb_section fb_built=&#8221;1&#8243; custom_padding_last_edited=&#8221;on|tablet&#8221; admin_label=&#8221;Services&#8221; _builder_version=&#8221;4.12.1&#8243; background_image=&#8221;http:\/\/myprintedbook.com\/wp-content\/uploads\/2021\/10\/mli5.jpg&#8221; parallax=&#8221;on&#8221; min_height=&#8221;107px&#8221; custom_padding=&#8221;49px||0px||false|false&#8221; custom_padding_tablet=&#8221;50px||||false|false&#8221; custom_padding_phone=&#8221;&#8221; global_colors_info=&#8221;{}&#8221;][et_pb_row _builder_version=&#8221;4.12.1&#8243; _module_preset=&#8221;default&#8221; min_height=&#8221;456.2px&#8221; custom_margin=&#8221;|auto|-32px|auto||&#8221; custom_padding=&#8221;||0px|||&#8221; global_colors_info=&#8221;{}&#8221;][et_pb_column type=&#8221;4_4&#8243; _builder_version=&#8221;4.12.1&#8243; _module_preset=&#8221;default&#8221; global_colors_info=&#8221;{}&#8221;][et_pb_text _builder_version=&#8221;4.12.1&#8243; _module_preset=&#8221;default&#8221; global_colors_info=&#8221;{}&#8221;]<\/p>\n<h1 style=\"text-align: center\"><span style=\"color: #ffffff\">Imprima sus libros hoy!!!<\/span><\/h1>\n<p>[\/et_pb_text][et_pb_button button_url=&#8221;https:\/\/myprintedbook.com\/contactenos\/&#8221; button_text=&#8221;Contact us&#8221; button_alignment=&#8221;center&#8221; _builder_version=&#8221;4.10.8&#8243; custom_button=&#8221;on&#8221; button_text_size=&#8221;12px&#8221; button_bg_color=&#8221;rgba(0,0,0,0.18)&#8221; button_border_width=&#8221;2px&#8221; button_border_color=&#8221;#ffffff&#8221; button_border_radius=&#8221;0px&#8221; button_letter_spacing=&#8221;2.6px&#8221; button_font=&#8221;|700||on|||||&#8221; background_layout=&#8221;dark&#8221; custom_margin=&#8221;40px||||false|false&#8221; custom_margin_tablet=&#8221;&#8221; custom_margin_phone=&#8221;&#8221; custom_margin_last_edited=&#8221;on|phone&#8221; custom_padding=&#8221;20px|40px|20px|40px|true|true&#8221; button_bg_color_last_edited=&#8221;off|desktop&#8221; locked=&#8221;off&#8221; global_colors_info=&#8221;{}&#8221; button_bg_color__hover_enabled=&#8221;on|hover&#8221; button_bg_color__hover=&#8221;#ffffff&#8221; button_bg_enable_color__hover=&#8221;on&#8221; button_text_color__hover_enabled=&#8221;on|hover&#8221; button_text_color__hover=&#8221;#000000&#8243;][\/et_pb_button][et_pb_text _builder_version=&#8221;4.10.8&#8243; text_font=&#8221;Prata||||||||&#8221; text_font_size=&#8221;22px&#8221; text_line_height=&#8221;1.8em&#8221; link_text_color=&#8221;#bea88f&#8221; header_4_font=&#8221;Open Sans|700||on|||||&#8221; header_4_font_size=&#8221;12px&#8221; header_4_letter_spacing=&#8221;2.6px&#8221; header_4_line_height=&#8221;1.6em&#8221; background_layout=&#8221;dark&#8221; max_width=&#8221;1081px&#8221; custom_margin=&#8221;||||false|false&#8221; custom_margin_phone=&#8221;60px||||false|false&#8221; custom_margin_last_edited=&#8221;off|phone&#8221; text_font_size_tablet=&#8221;18px&#8221; text_font_size_phone=&#8221;16px&#8221; text_font_size_last_edited=&#8221;on|phone&#8221; link_font_size_tablet=&#8221;20px&#8221; link_font_size_last_edited=&#8221;off|desktop&#8221; locked=&#8221;off&#8221; global_colors_info=&#8221;{}&#8221; text_font_size__hover_enabled=&#8221;off|desktop&#8221;]<\/p>\n<h5 style=\"text-align: center\"><span style=\"color: #ffffff\">Phone<\/span><\/h5>\n<h5 style=\"text-align: center\"><a href=\"#\">786-360-1502<\/a><\/h5>\n<h5 style=\"text-align: center\"><a href=\"#\"><span style=\"color: #ffffff\">Toll free<\/span><\/a><\/h5>\n<h5 style=\"text-align: center\"><a href=\"#\">(888)277-9162<\/a><\/h5>\n<p>[\/et_pb_text][et_pb_text _builder_version=&#8221;4.10.8&#8243; text_font=&#8221;Prata||||||||&#8221; text_font_size=&#8221;22px&#8221; text_line_height=&#8221;1.8em&#8221; link_text_color=&#8221;#bea88f&#8221; header_4_font=&#8221;Open Sans|700||on|||||&#8221; header_4_font_size=&#8221;12px&#8221; header_4_letter_spacing=&#8221;2.6px&#8221; header_4_line_height=&#8221;1.6em&#8221; background_layout=&#8221;dark&#8221; max_width=&#8221;1137px&#8221; min_height=&#8221;45.2px&#8221; custom_margin=&#8221;|15px|||false|false&#8221; custom_padding=&#8221;|0px||||&#8221; text_font_size_tablet=&#8221;18px&#8221; text_font_size_phone=&#8221;16px&#8221; text_font_size_last_edited=&#8221;on|phone&#8221; locked=&#8221;off&#8221; global_colors_info=&#8221;{}&#8221;]<\/p>\n<h5 style=\"text-align: center\">Address<br \/>2440 NW 116 ST SUITE # 300, MIAMI, FL 33167<\/h5>\n<p>&nbsp;<\/p>\n<p>[\/et_pb_text][\/et_pb_column][\/et_pb_row][\/et_pb_section]<\/p>\n","protected":false},"excerpt":{"rendered":"<p>Editorial services management platformSERVICES International Print On Demand (P.O.D.) International distribution on demand (D.O.D) Landing web Internacional (USA, Latinoam\u00e9rica y Europa)Who are we, what do we do?We are an American Printing on Demand (POD) and Book Distribution company, we have a printing press, 2 warehouses in Miami, FL and a powerful Editorial Content Management Platform [&hellip;]<\/p>\n","protected":false},"author":1,"featured_media":0,"parent":0,"menu_order":0,"comment_status":"closed","ping_status":"closed","template":"","meta":{"_et_pb_use_builder":"on","_et_pb_old_content":"","_et_gb_content_width":"","content-type":"","om_disable_all_campaigns":false,"footnotes":""},"class_list":["post-511","page","type-page","status-publish","hentry"],"_links":{"self":[{"href":"https:\/\/myprintedbook.com\/en\/wp-json\/wp\/v2\/pages\/511","targetHints":{"allow":["GET"]}}],"collection":[{"href":"https:\/\/myprintedbook.com\/en\/wp-json\/wp\/v2\/pages"}],"about":[{"href":"https:\/\/myprintedbook.com\/en\/wp-json\/wp\/v2\/types\/page"}],"author":[{"embeddable":true,"href":"https:\/\/myprintedbook.com\/en\/wp-json\/wp\/v2\/users\/1"}],"replies":[{"embeddable":true,"href":"https:\/\/myprintedbook.com\/en\/wp-json\/wp\/v2\/comments?post=511"}],"version-history":[{"count":14,"href":"https:\/\/myprintedbook.com\/en\/wp-json\/wp\/v2\/pages\/511\/revisions"}],"predecessor-version":[{"id":533,"href":"https:\/\/myprintedbook.com\/en\/wp-json\/wp\/v2\/pages\/511\/revisions\/533"}],"wp:attachment":[{"href":"https:\/\/myprintedbook.com\/en\/wp-json\/wp\/v2\/media?parent=511"}],"curies":[{"name":"wp","href":"https:\/\/api.w.org\/{rel}","templated":true}]}}